{"id":142689,"date":"2022-04-12T11:31:51","date_gmt":"2022-04-12T09:31:51","guid":{"rendered":"https:\/\/www.andy-wolf.com\/portal\/shop\/daisy-sun-col-04\/"},"modified":"2026-03-11T14:55:49","modified_gmt":"2026-03-11T12:55:49","slug":"daisy-sun-col-04","status":"publish","type":"product","link":"https:\/\/www.andy-wolf.com\/fr\/portal\/shop\/daisy-sun-col-04\/","title":{"rendered":"Daisy Sun Col. 04 54\/22"},"content":{"rendered":"<p>estimated next delivery <\/p>\n","protected":false},"excerpt":{"rendered":"<p>Dickes Acetat im Vintage Look \u2013 die feminine Cat-Eye Sonnenbrille in \u00dcbergr\u00f6\u00dfe macht Eindruck!<\/p>\n","protected":false},"featured_media":142681,"comment_status":"open","ping_status":"closed","template":"","meta":{"_acf_changed":false},"product_cat":[17],"product_tag":[],"collection-sub-cat":[],"class_list":{"0":"post-142689","1":"product","2":"type-product","3":"status-publish","4":"has-post-thumbnail","6":"product_cat-sonnenbrillen","8":"first","9":"outofstock","10":"shipping-taxable","11":"purchasable","12":"product-type-simple"},"acf":[],"yoast_head":"<!-- This site is optimized with the Yoast SEO plugin v23.1 - https:\/\/yoast.com\/wordpress\/plugins\/seo\/ -->\n<title>Daisy Sun Col. 04 54\/22 - Andy Wolf Eyewear<\/title>\n<meta name=\"robots\" content=\"index, follow, max-snippet:-1, max-image-preview:large, max-video-preview:-1\" \/>\n<link rel=\"canonical\" href=\"https:\/\/www.andy-wolf.com\/portal\/shop\/daisy-sun-col-04\/\" \/>\n<meta property=\"og:locale\" content=\"fr_FR\" \/>\n<meta property=\"og:type\" content=\"article\" \/>\n<meta property=\"og:title\" content=\"Daisy Sun Col. 04 54\/22 - Andy Wolf Eyewear\" \/>\n<meta property=\"og:description\" content=\"Dickes Acetat im Vintage Look \u2013 die feminine Cat-Eye Sonnenbrille in \u00dcbergr\u00f6\u00dfe macht Eindruck!\" \/>\n<meta property=\"og:url\" content=\"https:\/\/www.andy-wolf.com\/portal\/shop\/daisy-sun-col-04\/\" \/>\n<meta property=\"og:site_name\" content=\"Andy Wolf Eyewear\" \/>\n<meta property=\"article:publisher\" content=\"https:\/\/www.facebook.com\/andywolfeyewear\/\" \/>\n<meta property=\"article:modified_time\" content=\"2026-03-11T12:55:49+00:00\" \/>\n<meta property=\"og:image\" content=\"https:\/\/www.andy-wolf.com\/wp-content\/uploads\/2022\/04\/DAI_04_front.jpg\" \/>\n\t<meta property=\"og:image:width\" content=\"1400\" \/>\n\t<meta property=\"og:image:height\" content=\"875\" \/>\n\t<meta property=\"og:image:type\" content=\"image\/jpeg\" \/>\n<meta name=\"twitter:card\" content=\"summary_large_image\" \/>\n<script type=\"application\/ld+json\" class=\"yoast-schema-graph\">{\"@context\":\"https:\/\/schema.org\",\"@graph\":[{\"@type\":\"WebPage\",\"@id\":\"https:\/\/www.andy-wolf.com\/portal\/shop\/daisy-sun-col-04\/\",\"url\":\"https:\/\/www.andy-wolf.com\/portal\/shop\/daisy-sun-col-04\/\",\"name\":\"Daisy Sun Col. 04 54\/22 - Andy Wolf Eyewear\",\"isPartOf\":{\"@id\":\"https:\/\/www.andy-wolf.com\/en\/#website\"},\"primaryImageOfPage\":{\"@id\":\"https:\/\/www.andy-wolf.com\/portal\/shop\/daisy-sun-col-04\/#primaryimage\"},\"image\":{\"@id\":\"https:\/\/www.andy-wolf.com\/portal\/shop\/daisy-sun-col-04\/#primaryimage\"},\"thumbnailUrl\":\"https:\/\/www.andy-wolf.com\/wp-content\/uploads\/2022\/04\/DAI_04_front.jpg\",\"datePublished\":\"2022-04-12T09:31:51+00:00\",\"dateModified\":\"2026-03-11T12:55:49+00:00\",\"breadcrumb\":{\"@id\":\"https:\/\/www.andy-wolf.com\/portal\/shop\/daisy-sun-col-04\/#breadcrumb\"},\"inLanguage\":\"fr-FR\",\"potentialAction\":[{\"@type\":\"ReadAction\",\"target\":[\"https:\/\/www.andy-wolf.com\/portal\/shop\/daisy-sun-col-04\/\"]}]},{\"@type\":\"ImageObject\",\"inLanguage\":\"fr-FR\",\"@id\":\"https:\/\/www.andy-wolf.com\/portal\/shop\/daisy-sun-col-04\/#primaryimage\",\"url\":\"https:\/\/www.andy-wolf.com\/wp-content\/uploads\/2022\/04\/DAI_04_front.jpg\",\"contentUrl\":\"https:\/\/www.andy-wolf.com\/wp-content\/uploads\/2022\/04\/DAI_04_front.jpg\",\"width\":1400,\"height\":875},{\"@type\":\"BreadcrumbList\",\"@id\":\"https:\/\/www.andy-wolf.com\/portal\/shop\/daisy-sun-col-04\/#breadcrumb\",\"itemListElement\":[{\"@type\":\"ListItem\",\"position\":1,\"name\":\"Startseite\",\"item\":\"https:\/\/www.andy-wolf.com\/fr\/\"},{\"@type\":\"ListItem\",\"position\":2,\"name\":\"Shop\",\"item\":\"https:\/\/www.andy-wolf.com\/en\/portal\/shop\/\"},{\"@type\":\"ListItem\",\"position\":3,\"name\":\"Daisy Sun Col. 04 54\/22\"}]},{\"@type\":\"WebSite\",\"@id\":\"https:\/\/www.andy-wolf.com\/en\/#website\",\"url\":\"https:\/\/www.andy-wolf.com\/en\/\",\"name\":\"Andy Wolf Eyewear\",\"description\":\"\",\"publisher\":{\"@id\":\"https:\/\/www.andy-wolf.com\/en\/#organization\"},\"potentialAction\":[{\"@type\":\"SearchAction\",\"target\":{\"@type\":\"EntryPoint\",\"urlTemplate\":\"https:\/\/www.andy-wolf.com\/en\/?s={search_term_string}\"},\"query-input\":\"required name=search_term_string\"}],\"inLanguage\":\"fr-FR\"},{\"@type\":\"Organization\",\"@id\":\"https:\/\/www.andy-wolf.com\/en\/#organization\",\"name\":\"Andy Wolf Eyewear\",\"url\":\"https:\/\/www.andy-wolf.com\/en\/\",\"logo\":{\"@type\":\"ImageObject\",\"inLanguage\":\"fr-FR\",\"@id\":\"https:\/\/www.andy-wolf.com\/en\/#\/schema\/logo\/image\/\",\"url\":\"https:\/\/www.andy-wolf.com\/wp-content\/uploads\/2021\/02\/NEW-Logo_Andy-Wolf.svg\",\"contentUrl\":\"https:\/\/www.andy-wolf.com\/wp-content\/uploads\/2021\/02\/NEW-Logo_Andy-Wolf.svg\",\"width\":779,\"height\":91,\"caption\":\"Andy Wolf Eyewear\"},\"image\":{\"@id\":\"https:\/\/www.andy-wolf.com\/en\/#\/schema\/logo\/image\/\"},\"sameAs\":[\"https:\/\/www.facebook.com\/andywolfeyewear\/\"]}]}<\/script>\n<!-- \/ Yoast SEO plugin. -->","yoast_head_json":{"title":"Daisy Sun Col. 04 54\/22 - Andy Wolf Eyewear","robots":{"index":"index","follow":"follow","max-snippet":"max-snippet:-1","max-image-preview":"max-image-preview:large","max-video-preview":"max-video-preview:-1"},"canonical":"https:\/\/www.andy-wolf.com\/portal\/shop\/daisy-sun-col-04\/","og_locale":"fr_FR","og_type":"article","og_title":"Daisy Sun Col. 04 54\/22 - Andy Wolf Eyewear","og_description":"Dickes Acetat im Vintage Look \u2013 die feminine Cat-Eye Sonnenbrille in \u00dcbergr\u00f6\u00dfe macht Eindruck!","og_url":"https:\/\/www.andy-wolf.com\/portal\/shop\/daisy-sun-col-04\/","og_site_name":"Andy Wolf Eyewear","article_publisher":"https:\/\/www.facebook.com\/andywolfeyewear\/","article_modified_time":"2026-03-11T12:55:49+00:00","og_image":[{"width":1400,"height":875,"url":"https:\/\/www.andy-wolf.com\/wp-content\/uploads\/2022\/04\/DAI_04_front.jpg","type":"image\/jpeg"}],"twitter_card":"summary_large_image","schema":{"@context":"https:\/\/schema.org","@graph":[{"@type":"WebPage","@id":"https:\/\/www.andy-wolf.com\/portal\/shop\/daisy-sun-col-04\/","url":"https:\/\/www.andy-wolf.com\/portal\/shop\/daisy-sun-col-04\/","name":"Daisy Sun Col. 04 54\/22 - Andy Wolf Eyewear","isPartOf":{"@id":"https:\/\/www.andy-wolf.com\/en\/#website"},"primaryImageOfPage":{"@id":"https:\/\/www.andy-wolf.com\/portal\/shop\/daisy-sun-col-04\/#primaryimage"},"image":{"@id":"https:\/\/www.andy-wolf.com\/portal\/shop\/daisy-sun-col-04\/#primaryimage"},"thumbnailUrl":"https:\/\/www.andy-wolf.com\/wp-content\/uploads\/2022\/04\/DAI_04_front.jpg","datePublished":"2022-04-12T09:31:51+00:00","dateModified":"2026-03-11T12:55:49+00:00","breadcrumb":{"@id":"https:\/\/www.andy-wolf.com\/portal\/shop\/daisy-sun-col-04\/#breadcrumb"},"inLanguage":"fr-FR","potentialAction":[{"@type":"ReadAction","target":["https:\/\/www.andy-wolf.com\/portal\/shop\/daisy-sun-col-04\/"]}]},{"@type":"ImageObject","inLanguage":"fr-FR","@id":"https:\/\/www.andy-wolf.com\/portal\/shop\/daisy-sun-col-04\/#primaryimage","url":"https:\/\/www.andy-wolf.com\/wp-content\/uploads\/2022\/04\/DAI_04_front.jpg","contentUrl":"https:\/\/www.andy-wolf.com\/wp-content\/uploads\/2022\/04\/DAI_04_front.jpg","width":1400,"height":875},{"@type":"BreadcrumbList","@id":"https:\/\/www.andy-wolf.com\/portal\/shop\/daisy-sun-col-04\/#breadcrumb","itemListElement":[{"@type":"ListItem","position":1,"name":"Startseite","item":"https:\/\/www.andy-wolf.com\/fr\/"},{"@type":"ListItem","position":2,"name":"Shop","item":"https:\/\/www.andy-wolf.com\/en\/portal\/shop\/"},{"@type":"ListItem","position":3,"name":"Daisy Sun Col. 04 54\/22"}]},{"@type":"WebSite","@id":"https:\/\/www.andy-wolf.com\/en\/#website","url":"https:\/\/www.andy-wolf.com\/en\/","name":"Andy Wolf Eyewear","description":"","publisher":{"@id":"https:\/\/www.andy-wolf.com\/en\/#organization"},"potentialAction":[{"@type":"SearchAction","target":{"@type":"EntryPoint","urlTemplate":"https:\/\/www.andy-wolf.com\/en\/?s={search_term_string}"},"query-input":"required name=search_term_string"}],"inLanguage":"fr-FR"},{"@type":"Organization","@id":"https:\/\/www.andy-wolf.com\/en\/#organization","name":"Andy Wolf Eyewear","url":"https:\/\/www.andy-wolf.com\/en\/","logo":{"@type":"ImageObject","inLanguage":"fr-FR","@id":"https:\/\/www.andy-wolf.com\/en\/#\/schema\/logo\/image\/","url":"https:\/\/www.andy-wolf.com\/wp-content\/uploads\/2021\/02\/NEW-Logo_Andy-Wolf.svg","contentUrl":"https:\/\/www.andy-wolf.com\/wp-content\/uploads\/2021\/02\/NEW-Logo_Andy-Wolf.svg","width":779,"height":91,"caption":"Andy Wolf Eyewear"},"image":{"@id":"https:\/\/www.andy-wolf.com\/en\/#\/schema\/logo\/image\/"},"sameAs":["https:\/\/www.facebook.com\/andywolfeyewear\/"]}]}},"_links":{"self":[{"href":"https:\/\/www.andy-wolf.com\/fr\/wp-json\/wp\/v2\/product\/142689"}],"collection":[{"href":"https:\/\/www.andy-wolf.com\/fr\/wp-json\/wp\/v2\/product"}],"about":[{"href":"https:\/\/www.andy-wolf.com\/fr\/wp-json\/wp\/v2\/types\/product"}],"replies":[{"embeddable":true,"href":"https:\/\/www.andy-wolf.com\/fr\/wp-json\/wp\/v2\/comments?post=142689"}],"wp:featuredmedia":[{"embeddable":true,"href":"https:\/\/www.andy-wolf.com\/fr\/wp-json\/wp\/v2\/media\/142681"}],"wp:attachment":[{"href":"https:\/\/www.andy-wolf.com\/fr\/wp-json\/wp\/v2\/media?parent=142689"}],"wp:term":[{"taxonomy":"product_cat","embeddable":true,"href":"https:\/\/www.andy-wolf.com\/fr\/wp-json\/wp\/v2\/product_cat?post=142689"},{"taxonomy":"product_tag","embeddable":true,"href":"https:\/\/www.andy-wolf.com\/fr\/wp-json\/wp\/v2\/product_tag?post=142689"},{"taxonomy":"collection-sub-cat","embeddable":true,"href":"https:\/\/www.andy-wolf.com\/fr\/wp-json\/wp\/v2\/collection-sub-cat?post=142689"}],"curies":[{"name":"wp","href":"https:\/\/api.w.org\/{rel}","templated":true}]}}