{"id":168582,"date":"2026-03-27T12:38:15","date_gmt":"2026-03-27T10:38:15","guid":{"rendered":"https:\/\/www.andy-wolf.com\/portal\/shop\/oh-no-sun-blind-box\/"},"modified":"2026-04-27T13:56:43","modified_gmt":"2026-04-27T11:56:43","slug":"oh-no-sun-blind-box","status":"publish","type":"product","link":"https:\/\/www.andy-wolf.com\/fr\/portal\/shop\/oh-no-sun-blind-box\/","title":{"rendered":"OH NO Sun Blind Box 52\/21"},"content":{"rendered":"<p>SPECIAL COLLABORATION BLIND BOX SUNGLASSES WITH ERWIN WURM &#8211; please make a seperate order with the delivery date June 1st \/\/\/\/ veuillez passer une commande s\u00e9par\u00e9e avec une date de livraison fix\u00e9e au 1er juin<\/p>\n","protected":false},"excerpt":{"rendered":"<p>Neben der Hauptfarbe gibt es f\u00fcnf streng limitierte Farbvarianten &#8211; die als Collectors Pieces mit einer Auflage von nur 20 St\u00fcck je Farbe ver\u00f6ffentlicht und in Blind Boxes verpackt sind. Beim Kauf dieses Artikels erh\u00e4ltst du eine zuf\u00e4llige Farbe \u2013 welche Variante sich in deiner Box befindet, zeigt sich erst beim \u00d6ffnen. Insgesamt existieren nur 100 St\u00fcck dieser Collector\u2019s Pieces. Auslieferungsstart 01. Juni 26. Dieses Produkt ist aufgrund seiner Limitierung vom Umtausch und von der R\u00fcckgabe ausgeschlossen.<\/p>\n","protected":false},"featured_media":170054,"comment_status":"open","ping_status":"closed","template":"","meta":{"_acf_changed":false},"product_cat":[17],"product_tag":[],"collection-sub-cat":[],"class_list":{"0":"post-168582","1":"product","2":"type-product","3":"status-publish","4":"has-post-thumbnail","6":"product_cat-sonnenbrillen","8":"first","9":"instock","10":"shipping-taxable","11":"purchasable","12":"product-type-simple"},"acf":[],"yoast_head":"<!-- This site is optimized with the Yoast SEO plugin v23.1 - https:\/\/yoast.com\/wordpress\/plugins\/seo\/ -->\n<title>OH NO Sun Blind Box 52\/21 - Andy Wolf Eyewear<\/title>\n<meta name=\"robots\" content=\"index, follow, max-snippet:-1, max-image-preview:large, max-video-preview:-1\" \/>\n<link rel=\"canonical\" href=\"https:\/\/www.andy-wolf.com\/portal\/shop\/oh-no-sun-blind-box\/\" \/>\n<meta property=\"og:locale\" content=\"fr_FR\" \/>\n<meta property=\"og:type\" content=\"article\" \/>\n<meta property=\"og:title\" content=\"OH NO Sun Blind Box 52\/21 - Andy Wolf Eyewear\" \/>\n<meta property=\"og:description\" content=\"Neben der Hauptfarbe gibt es f\u00fcnf streng limitierte Farbvarianten - die als Collectors Pieces mit einer Auflage von nur 20 St\u00fcck je Farbe ver\u00f6ffentlicht und in Blind Boxes verpackt sind. Beim Kauf dieses Artikels erh\u00e4ltst du eine zuf\u00e4llige Farbe \u2013 welche Variante sich in deiner Box befindet, zeigt sich erst beim \u00d6ffnen. Insgesamt existieren nur 100 St\u00fcck dieser Collector\u2019s Pieces. Auslieferungsstart 01. Juni 26. Dieses Produkt ist aufgrund seiner Limitierung vom Umtausch und von der R\u00fcckgabe ausgeschlossen.\" \/>\n<meta property=\"og:url\" content=\"https:\/\/www.andy-wolf.com\/portal\/shop\/oh-no-sun-blind-box\/\" \/>\n<meta property=\"og:site_name\" content=\"Andy Wolf Eyewear\" \/>\n<meta property=\"article:publisher\" content=\"https:\/\/www.facebook.com\/andywolfeyewear\/\" \/>\n<meta property=\"article:modified_time\" content=\"2026-04-27T11:56:43+00:00\" \/>\n<meta property=\"og:image\" content=\"https:\/\/www.andy-wolf.com\/wp-content\/uploads\/2026\/04\/ANDY-WOLF-EYEWEAR_OHNO_X-Freisteller-3.jpg\" \/>\n\t<meta property=\"og:image:width\" content=\"2254\" \/>\n\t<meta property=\"og:image:height\" content=\"960\" \/>\n\t<meta property=\"og:image:type\" content=\"image\/jpeg\" \/>\n<meta name=\"twitter:card\" content=\"summary_large_image\" \/>\n<meta name=\"twitter:label1\" content=\"Dur\u00e9e de lecture estim\u00e9e\" \/>\n\t<meta name=\"twitter:data1\" content=\"3 minutes\" \/>\n<script type=\"application\/ld+json\" class=\"yoast-schema-graph\">{\"@context\":\"https:\/\/schema.org\",\"@graph\":[{\"@type\":\"WebPage\",\"@id\":\"https:\/\/www.andy-wolf.com\/portal\/shop\/oh-no-sun-blind-box\/\",\"url\":\"https:\/\/www.andy-wolf.com\/portal\/shop\/oh-no-sun-blind-box\/\",\"name\":\"OH NO Sun Blind Box 52\/21 - Andy Wolf Eyewear\",\"isPartOf\":{\"@id\":\"https:\/\/www.andy-wolf.com\/en\/#website\"},\"primaryImageOfPage\":{\"@id\":\"https:\/\/www.andy-wolf.com\/portal\/shop\/oh-no-sun-blind-box\/#primaryimage\"},\"image\":{\"@id\":\"https:\/\/www.andy-wolf.com\/portal\/shop\/oh-no-sun-blind-box\/#primaryimage\"},\"thumbnailUrl\":\"https:\/\/www.andy-wolf.com\/wp-content\/uploads\/2026\/04\/ANDY-WOLF-EYEWEAR_OHNO_X-Freisteller-3.jpg\",\"datePublished\":\"2026-03-27T10:38:15+00:00\",\"dateModified\":\"2026-04-27T11:56:43+00:00\",\"breadcrumb\":{\"@id\":\"https:\/\/www.andy-wolf.com\/portal\/shop\/oh-no-sun-blind-box\/#breadcrumb\"},\"inLanguage\":\"fr-FR\",\"potentialAction\":[{\"@type\":\"ReadAction\",\"target\":[\"https:\/\/www.andy-wolf.com\/portal\/shop\/oh-no-sun-blind-box\/\"]}]},{\"@type\":\"ImageObject\",\"inLanguage\":\"fr-FR\",\"@id\":\"https:\/\/www.andy-wolf.com\/portal\/shop\/oh-no-sun-blind-box\/#primaryimage\",\"url\":\"https:\/\/www.andy-wolf.com\/wp-content\/uploads\/2026\/04\/ANDY-WOLF-EYEWEAR_OHNO_X-Freisteller-3.jpg\",\"contentUrl\":\"https:\/\/www.andy-wolf.com\/wp-content\/uploads\/2026\/04\/ANDY-WOLF-EYEWEAR_OHNO_X-Freisteller-3.jpg\",\"width\":2254,\"height\":960},{\"@type\":\"BreadcrumbList\",\"@id\":\"https:\/\/www.andy-wolf.com\/portal\/shop\/oh-no-sun-blind-box\/#breadcrumb\",\"itemListElement\":[{\"@type\":\"ListItem\",\"position\":1,\"name\":\"Startseite\",\"item\":\"https:\/\/www.andy-wolf.com\/fr\/\"},{\"@type\":\"ListItem\",\"position\":2,\"name\":\"Shop\",\"item\":\"https:\/\/www.andy-wolf.com\/en\/portal\/shop\/\"},{\"@type\":\"ListItem\",\"position\":3,\"name\":\"OH NO Sun Blind Box 52\/21\"}]},{\"@type\":\"WebSite\",\"@id\":\"https:\/\/www.andy-wolf.com\/en\/#website\",\"url\":\"https:\/\/www.andy-wolf.com\/en\/\",\"name\":\"Andy Wolf Eyewear\",\"description\":\"\",\"publisher\":{\"@id\":\"https:\/\/www.andy-wolf.com\/en\/#organization\"},\"potentialAction\":[{\"@type\":\"SearchAction\",\"target\":{\"@type\":\"EntryPoint\",\"urlTemplate\":\"https:\/\/www.andy-wolf.com\/en\/?s={search_term_string}\"},\"query-input\":\"required name=search_term_string\"}],\"inLanguage\":\"fr-FR\"},{\"@type\":\"Organization\",\"@id\":\"https:\/\/www.andy-wolf.com\/en\/#organization\",\"name\":\"Andy Wolf Eyewear\",\"url\":\"https:\/\/www.andy-wolf.com\/en\/\",\"logo\":{\"@type\":\"ImageObject\",\"inLanguage\":\"fr-FR\",\"@id\":\"https:\/\/www.andy-wolf.com\/en\/#\/schema\/logo\/image\/\",\"url\":\"https:\/\/www.andy-wolf.com\/wp-content\/uploads\/2021\/02\/NEW-Logo_Andy-Wolf.svg\",\"contentUrl\":\"https:\/\/www.andy-wolf.com\/wp-content\/uploads\/2021\/02\/NEW-Logo_Andy-Wolf.svg\",\"width\":779,\"height\":91,\"caption\":\"Andy Wolf Eyewear\"},\"image\":{\"@id\":\"https:\/\/www.andy-wolf.com\/en\/#\/schema\/logo\/image\/\"},\"sameAs\":[\"https:\/\/www.facebook.com\/andywolfeyewear\/\"]}]}<\/script>\n<!-- \/ Yoast SEO plugin. -->","yoast_head_json":{"title":"OH NO Sun Blind Box 52\/21 - Andy Wolf Eyewear","robots":{"index":"index","follow":"follow","max-snippet":"max-snippet:-1","max-image-preview":"max-image-preview:large","max-video-preview":"max-video-preview:-1"},"canonical":"https:\/\/www.andy-wolf.com\/portal\/shop\/oh-no-sun-blind-box\/","og_locale":"fr_FR","og_type":"article","og_title":"OH NO Sun Blind Box 52\/21 - Andy Wolf Eyewear","og_description":"Neben der Hauptfarbe gibt es f\u00fcnf streng limitierte Farbvarianten - die als Collectors Pieces mit einer Auflage von nur 20 St\u00fcck je Farbe ver\u00f6ffentlicht und in Blind Boxes verpackt sind. Beim Kauf dieses Artikels erh\u00e4ltst du eine zuf\u00e4llige Farbe \u2013 welche Variante sich in deiner Box befindet, zeigt sich erst beim \u00d6ffnen. Insgesamt existieren nur 100 St\u00fcck dieser Collector\u2019s Pieces. Auslieferungsstart 01. Juni 26. Dieses Produkt ist aufgrund seiner Limitierung vom Umtausch und von der R\u00fcckgabe ausgeschlossen.","og_url":"https:\/\/www.andy-wolf.com\/portal\/shop\/oh-no-sun-blind-box\/","og_site_name":"Andy Wolf Eyewear","article_publisher":"https:\/\/www.facebook.com\/andywolfeyewear\/","article_modified_time":"2026-04-27T11:56:43+00:00","og_image":[{"width":2254,"height":960,"url":"https:\/\/www.andy-wolf.com\/wp-content\/uploads\/2026\/04\/ANDY-WOLF-EYEWEAR_OHNO_X-Freisteller-3.jpg","type":"image\/jpeg"}],"twitter_card":"summary_large_image","twitter_misc":{"Dur\u00e9e de lecture estim\u00e9e":"3 minutes"},"schema":{"@context":"https:\/\/schema.org","@graph":[{"@type":"WebPage","@id":"https:\/\/www.andy-wolf.com\/portal\/shop\/oh-no-sun-blind-box\/","url":"https:\/\/www.andy-wolf.com\/portal\/shop\/oh-no-sun-blind-box\/","name":"OH NO Sun Blind Box 52\/21 - Andy Wolf Eyewear","isPartOf":{"@id":"https:\/\/www.andy-wolf.com\/en\/#website"},"primaryImageOfPage":{"@id":"https:\/\/www.andy-wolf.com\/portal\/shop\/oh-no-sun-blind-box\/#primaryimage"},"image":{"@id":"https:\/\/www.andy-wolf.com\/portal\/shop\/oh-no-sun-blind-box\/#primaryimage"},"thumbnailUrl":"https:\/\/www.andy-wolf.com\/wp-content\/uploads\/2026\/04\/ANDY-WOLF-EYEWEAR_OHNO_X-Freisteller-3.jpg","datePublished":"2026-03-27T10:38:15+00:00","dateModified":"2026-04-27T11:56:43+00:00","breadcrumb":{"@id":"https:\/\/www.andy-wolf.com\/portal\/shop\/oh-no-sun-blind-box\/#breadcrumb"},"inLanguage":"fr-FR","potentialAction":[{"@type":"ReadAction","target":["https:\/\/www.andy-wolf.com\/portal\/shop\/oh-no-sun-blind-box\/"]}]},{"@type":"ImageObject","inLanguage":"fr-FR","@id":"https:\/\/www.andy-wolf.com\/portal\/shop\/oh-no-sun-blind-box\/#primaryimage","url":"https:\/\/www.andy-wolf.com\/wp-content\/uploads\/2026\/04\/ANDY-WOLF-EYEWEAR_OHNO_X-Freisteller-3.jpg","contentUrl":"https:\/\/www.andy-wolf.com\/wp-content\/uploads\/2026\/04\/ANDY-WOLF-EYEWEAR_OHNO_X-Freisteller-3.jpg","width":2254,"height":960},{"@type":"BreadcrumbList","@id":"https:\/\/www.andy-wolf.com\/portal\/shop\/oh-no-sun-blind-box\/#breadcrumb","itemListElement":[{"@type":"ListItem","position":1,"name":"Startseite","item":"https:\/\/www.andy-wolf.com\/fr\/"},{"@type":"ListItem","position":2,"name":"Shop","item":"https:\/\/www.andy-wolf.com\/en\/portal\/shop\/"},{"@type":"ListItem","position":3,"name":"OH NO Sun Blind Box 52\/21"}]},{"@type":"WebSite","@id":"https:\/\/www.andy-wolf.com\/en\/#website","url":"https:\/\/www.andy-wolf.com\/en\/","name":"Andy Wolf Eyewear","description":"","publisher":{"@id":"https:\/\/www.andy-wolf.com\/en\/#organization"},"potentialAction":[{"@type":"SearchAction","target":{"@type":"EntryPoint","urlTemplate":"https:\/\/www.andy-wolf.com\/en\/?s={search_term_string}"},"query-input":"required name=search_term_string"}],"inLanguage":"fr-FR"},{"@type":"Organization","@id":"https:\/\/www.andy-wolf.com\/en\/#organization","name":"Andy Wolf Eyewear","url":"https:\/\/www.andy-wolf.com\/en\/","logo":{"@type":"ImageObject","inLanguage":"fr-FR","@id":"https:\/\/www.andy-wolf.com\/en\/#\/schema\/logo\/image\/","url":"https:\/\/www.andy-wolf.com\/wp-content\/uploads\/2021\/02\/NEW-Logo_Andy-Wolf.svg","contentUrl":"https:\/\/www.andy-wolf.com\/wp-content\/uploads\/2021\/02\/NEW-Logo_Andy-Wolf.svg","width":779,"height":91,"caption":"Andy Wolf Eyewear"},"image":{"@id":"https:\/\/www.andy-wolf.com\/en\/#\/schema\/logo\/image\/"},"sameAs":["https:\/\/www.facebook.com\/andywolfeyewear\/"]}]}},"_links":{"self":[{"href":"https:\/\/www.andy-wolf.com\/fr\/wp-json\/wp\/v2\/product\/168582"}],"collection":[{"href":"https:\/\/www.andy-wolf.com\/fr\/wp-json\/wp\/v2\/product"}],"about":[{"href":"https:\/\/www.andy-wolf.com\/fr\/wp-json\/wp\/v2\/types\/product"}],"replies":[{"embeddable":true,"href":"https:\/\/www.andy-wolf.com\/fr\/wp-json\/wp\/v2\/comments?post=168582"}],"wp:featuredmedia":[{"embeddable":true,"href":"https:\/\/www.andy-wolf.com\/fr\/wp-json\/wp\/v2\/media\/170054"}],"wp:attachment":[{"href":"https:\/\/www.andy-wolf.com\/fr\/wp-json\/wp\/v2\/media?parent=168582"}],"wp:term":[{"taxonomy":"product_cat","embeddable":true,"href":"https:\/\/www.andy-wolf.com\/fr\/wp-json\/wp\/v2\/product_cat?post=168582"},{"taxonomy":"product_tag","embeddable":true,"href":"https:\/\/www.andy-wolf.com\/fr\/wp-json\/wp\/v2\/product_tag?post=168582"},{"taxonomy":"collection-sub-cat","embeddable":true,"href":"https:\/\/www.andy-wolf.com\/fr\/wp-json\/wp\/v2\/collection-sub-cat?post=168582"}],"curies":[{"name":"wp","href":"https:\/\/api.w.org\/{rel}","templated":true}]}}