{"id":3109,"date":"2020-12-02T16:11:58","date_gmt":"2020-12-02T14:11:58","guid":{"rendered":"http:\/\/www.andy-wolf.com\/shop\/frame-4744-col-a"},"modified":"2026-04-01T10:27:03","modified_gmt":"2026-04-01T08:27:03","slug":"frame-4744-col-a","status":"publish","type":"product","link":"https:\/\/www.andy-wolf.com\/fr\/portal\/shop\/frame-4744-col-a\/","title":{"rendered":"Frame 4744 Col. A 51\/20"},"content":{"rendered":"<p>04 &#8211; Core Metal<br \/>\nThe Heart of Andy Wolf<\/p>\n","protected":false},"excerpt":{"rendered":"<p>Das runde unisex Modell 4744 \u00fcbt sich in Zur\u00fcckhaltung. Mit dem schn\u00f6rkellosen, klaren Design der Metallbrille wird nur am Brillensteg gebrochen, wo zwei eingravierte Linien dem Everydaymodell sprichw\u00f6rtlich den letzten Schliff verleihen. Die farblich abgesetzten Ringe werden aufwendig von Hand aufgemalt.<\/p>\n","protected":false},"featured_media":118908,"comment_status":"open","ping_status":"closed","template":"","meta":{"_acf_changed":false},"product_cat":[16],"product_tag":[],"collection-sub-cat":[128545],"class_list":{"0":"post-3109","1":"product","2":"type-product","3":"status-publish","4":"has-post-thumbnail","6":"product_cat-brillen","7":"collection-sub-cat-core-metal","9":"first","10":"instock","11":"shipping-taxable","12":"purchasable","13":"product-type-simple"},"acf":[],"yoast_head":"<!-- This site is optimized with the Yoast SEO plugin v23.1 - https:\/\/yoast.com\/wordpress\/plugins\/seo\/ -->\n<title>Frame 4744 Col. A 51\/20 - Andy Wolf Eyewear<\/title>\n<meta name=\"robots\" content=\"index, follow, max-snippet:-1, max-image-preview:large, max-video-preview:-1\" \/>\n<link rel=\"canonical\" href=\"https:\/\/www.andy-wolf.com\/portal\/shop\/frame-4744-col-a\/\" \/>\n<meta property=\"og:locale\" content=\"fr_FR\" \/>\n<meta property=\"og:type\" content=\"article\" \/>\n<meta property=\"og:title\" content=\"Frame 4744 Col. A 51\/20 - Andy Wolf Eyewear\" \/>\n<meta property=\"og:description\" content=\"Das runde unisex Modell 4744 \u00fcbt sich in Zur\u00fcckhaltung. Mit dem schn\u00f6rkellosen, klaren Design der Metallbrille wird nur am Brillensteg gebrochen, wo zwei eingravierte Linien dem Everydaymodell sprichw\u00f6rtlich den letzten Schliff verleihen. Die farblich abgesetzten Ringe werden aufwendig von Hand aufgemalt.\" \/>\n<meta property=\"og:url\" content=\"https:\/\/www.andy-wolf.com\/portal\/shop\/frame-4744-col-a\/\" \/>\n<meta property=\"og:site_name\" content=\"Andy Wolf Eyewear\" \/>\n<meta property=\"article:publisher\" content=\"https:\/\/www.facebook.com\/andywolfeyewear\/\" \/>\n<meta property=\"article:modified_time\" content=\"2026-04-01T08:27:03+00:00\" \/>\n<meta property=\"og:image\" content=\"https:\/\/www.andy-wolf.com\/wp-content\/uploads\/2021\/07\/4744_A_front.jpg\" \/>\n\t<meta property=\"og:image:width\" content=\"1400\" \/>\n\t<meta property=\"og:image:height\" content=\"875\" \/>\n\t<meta property=\"og:image:type\" content=\"image\/jpeg\" \/>\n<meta name=\"twitter:card\" content=\"summary_large_image\" \/>\n<script type=\"application\/ld+json\" class=\"yoast-schema-graph\">{\"@context\":\"https:\/\/schema.org\",\"@graph\":[{\"@type\":\"WebPage\",\"@id\":\"https:\/\/www.andy-wolf.com\/portal\/shop\/frame-4744-col-a\/\",\"url\":\"https:\/\/www.andy-wolf.com\/portal\/shop\/frame-4744-col-a\/\",\"name\":\"Frame 4744 Col. A 51\/20 - Andy Wolf Eyewear\",\"isPartOf\":{\"@id\":\"https:\/\/www.andy-wolf.com\/en\/#website\"},\"primaryImageOfPage\":{\"@id\":\"https:\/\/www.andy-wolf.com\/portal\/shop\/frame-4744-col-a\/#primaryimage\"},\"image\":{\"@id\":\"https:\/\/www.andy-wolf.com\/portal\/shop\/frame-4744-col-a\/#primaryimage\"},\"thumbnailUrl\":\"https:\/\/www.andy-wolf.com\/wp-content\/uploads\/2021\/07\/4744_A_front.jpg\",\"datePublished\":\"2020-12-02T14:11:58+00:00\",\"dateModified\":\"2026-04-01T08:27:03+00:00\",\"breadcrumb\":{\"@id\":\"https:\/\/www.andy-wolf.com\/portal\/shop\/frame-4744-col-a\/#breadcrumb\"},\"inLanguage\":\"fr-FR\",\"potentialAction\":[{\"@type\":\"ReadAction\",\"target\":[\"https:\/\/www.andy-wolf.com\/portal\/shop\/frame-4744-col-a\/\"]}]},{\"@type\":\"ImageObject\",\"inLanguage\":\"fr-FR\",\"@id\":\"https:\/\/www.andy-wolf.com\/portal\/shop\/frame-4744-col-a\/#primaryimage\",\"url\":\"https:\/\/www.andy-wolf.com\/wp-content\/uploads\/2021\/07\/4744_A_front.jpg\",\"contentUrl\":\"https:\/\/www.andy-wolf.com\/wp-content\/uploads\/2021\/07\/4744_A_front.jpg\",\"width\":1400,\"height\":875},{\"@type\":\"BreadcrumbList\",\"@id\":\"https:\/\/www.andy-wolf.com\/portal\/shop\/frame-4744-col-a\/#breadcrumb\",\"itemListElement\":[{\"@type\":\"ListItem\",\"position\":1,\"name\":\"Startseite\",\"item\":\"https:\/\/www.andy-wolf.com\/fr\/\"},{\"@type\":\"ListItem\",\"position\":2,\"name\":\"Shop\",\"item\":\"https:\/\/www.andy-wolf.com\/en\/portal\/shop\/\"},{\"@type\":\"ListItem\",\"position\":3,\"name\":\"Frame 4744 Col. A 51\/20\"}]},{\"@type\":\"WebSite\",\"@id\":\"https:\/\/www.andy-wolf.com\/en\/#website\",\"url\":\"https:\/\/www.andy-wolf.com\/en\/\",\"name\":\"Andy Wolf Eyewear\",\"description\":\"\",\"publisher\":{\"@id\":\"https:\/\/www.andy-wolf.com\/en\/#organization\"},\"potentialAction\":[{\"@type\":\"SearchAction\",\"target\":{\"@type\":\"EntryPoint\",\"urlTemplate\":\"https:\/\/www.andy-wolf.com\/en\/?s={search_term_string}\"},\"query-input\":\"required name=search_term_string\"}],\"inLanguage\":\"fr-FR\"},{\"@type\":\"Organization\",\"@id\":\"https:\/\/www.andy-wolf.com\/en\/#organization\",\"name\":\"Andy Wolf Eyewear\",\"url\":\"https:\/\/www.andy-wolf.com\/en\/\",\"logo\":{\"@type\":\"ImageObject\",\"inLanguage\":\"fr-FR\",\"@id\":\"https:\/\/www.andy-wolf.com\/en\/#\/schema\/logo\/image\/\",\"url\":\"https:\/\/www.andy-wolf.com\/wp-content\/uploads\/2021\/02\/NEW-Logo_Andy-Wolf.svg\",\"contentUrl\":\"https:\/\/www.andy-wolf.com\/wp-content\/uploads\/2021\/02\/NEW-Logo_Andy-Wolf.svg\",\"width\":779,\"height\":91,\"caption\":\"Andy Wolf Eyewear\"},\"image\":{\"@id\":\"https:\/\/www.andy-wolf.com\/en\/#\/schema\/logo\/image\/\"},\"sameAs\":[\"https:\/\/www.facebook.com\/andywolfeyewear\/\"]}]}<\/script>\n<!-- \/ Yoast SEO plugin. -->","yoast_head_json":{"title":"Frame 4744 Col. A 51\/20 - Andy Wolf Eyewear","robots":{"index":"index","follow":"follow","max-snippet":"max-snippet:-1","max-image-preview":"max-image-preview:large","max-video-preview":"max-video-preview:-1"},"canonical":"https:\/\/www.andy-wolf.com\/portal\/shop\/frame-4744-col-a\/","og_locale":"fr_FR","og_type":"article","og_title":"Frame 4744 Col. A 51\/20 - Andy Wolf Eyewear","og_description":"Das runde unisex Modell 4744 \u00fcbt sich in Zur\u00fcckhaltung. Mit dem schn\u00f6rkellosen, klaren Design der Metallbrille wird nur am Brillensteg gebrochen, wo zwei eingravierte Linien dem Everydaymodell sprichw\u00f6rtlich den letzten Schliff verleihen. Die farblich abgesetzten Ringe werden aufwendig von Hand aufgemalt.","og_url":"https:\/\/www.andy-wolf.com\/portal\/shop\/frame-4744-col-a\/","og_site_name":"Andy Wolf Eyewear","article_publisher":"https:\/\/www.facebook.com\/andywolfeyewear\/","article_modified_time":"2026-04-01T08:27:03+00:00","og_image":[{"width":1400,"height":875,"url":"https:\/\/www.andy-wolf.com\/wp-content\/uploads\/2021\/07\/4744_A_front.jpg","type":"image\/jpeg"}],"twitter_card":"summary_large_image","schema":{"@context":"https:\/\/schema.org","@graph":[{"@type":"WebPage","@id":"https:\/\/www.andy-wolf.com\/portal\/shop\/frame-4744-col-a\/","url":"https:\/\/www.andy-wolf.com\/portal\/shop\/frame-4744-col-a\/","name":"Frame 4744 Col. A 51\/20 - Andy Wolf Eyewear","isPartOf":{"@id":"https:\/\/www.andy-wolf.com\/en\/#website"},"primaryImageOfPage":{"@id":"https:\/\/www.andy-wolf.com\/portal\/shop\/frame-4744-col-a\/#primaryimage"},"image":{"@id":"https:\/\/www.andy-wolf.com\/portal\/shop\/frame-4744-col-a\/#primaryimage"},"thumbnailUrl":"https:\/\/www.andy-wolf.com\/wp-content\/uploads\/2021\/07\/4744_A_front.jpg","datePublished":"2020-12-02T14:11:58+00:00","dateModified":"2026-04-01T08:27:03+00:00","breadcrumb":{"@id":"https:\/\/www.andy-wolf.com\/portal\/shop\/frame-4744-col-a\/#breadcrumb"},"inLanguage":"fr-FR","potentialAction":[{"@type":"ReadAction","target":["https:\/\/www.andy-wolf.com\/portal\/shop\/frame-4744-col-a\/"]}]},{"@type":"ImageObject","inLanguage":"fr-FR","@id":"https:\/\/www.andy-wolf.com\/portal\/shop\/frame-4744-col-a\/#primaryimage","url":"https:\/\/www.andy-wolf.com\/wp-content\/uploads\/2021\/07\/4744_A_front.jpg","contentUrl":"https:\/\/www.andy-wolf.com\/wp-content\/uploads\/2021\/07\/4744_A_front.jpg","width":1400,"height":875},{"@type":"BreadcrumbList","@id":"https:\/\/www.andy-wolf.com\/portal\/shop\/frame-4744-col-a\/#breadcrumb","itemListElement":[{"@type":"ListItem","position":1,"name":"Startseite","item":"https:\/\/www.andy-wolf.com\/fr\/"},{"@type":"ListItem","position":2,"name":"Shop","item":"https:\/\/www.andy-wolf.com\/en\/portal\/shop\/"},{"@type":"ListItem","position":3,"name":"Frame 4744 Col. A 51\/20"}]},{"@type":"WebSite","@id":"https:\/\/www.andy-wolf.com\/en\/#website","url":"https:\/\/www.andy-wolf.com\/en\/","name":"Andy Wolf Eyewear","description":"","publisher":{"@id":"https:\/\/www.andy-wolf.com\/en\/#organization"},"potentialAction":[{"@type":"SearchAction","target":{"@type":"EntryPoint","urlTemplate":"https:\/\/www.andy-wolf.com\/en\/?s={search_term_string}"},"query-input":"required name=search_term_string"}],"inLanguage":"fr-FR"},{"@type":"Organization","@id":"https:\/\/www.andy-wolf.com\/en\/#organization","name":"Andy Wolf Eyewear","url":"https:\/\/www.andy-wolf.com\/en\/","logo":{"@type":"ImageObject","inLanguage":"fr-FR","@id":"https:\/\/www.andy-wolf.com\/en\/#\/schema\/logo\/image\/","url":"https:\/\/www.andy-wolf.com\/wp-content\/uploads\/2021\/02\/NEW-Logo_Andy-Wolf.svg","contentUrl":"https:\/\/www.andy-wolf.com\/wp-content\/uploads\/2021\/02\/NEW-Logo_Andy-Wolf.svg","width":779,"height":91,"caption":"Andy Wolf Eyewear"},"image":{"@id":"https:\/\/www.andy-wolf.com\/en\/#\/schema\/logo\/image\/"},"sameAs":["https:\/\/www.facebook.com\/andywolfeyewear\/"]}]}},"_links":{"self":[{"href":"https:\/\/www.andy-wolf.com\/fr\/wp-json\/wp\/v2\/product\/3109"}],"collection":[{"href":"https:\/\/www.andy-wolf.com\/fr\/wp-json\/wp\/v2\/product"}],"about":[{"href":"https:\/\/www.andy-wolf.com\/fr\/wp-json\/wp\/v2\/types\/product"}],"replies":[{"embeddable":true,"href":"https:\/\/www.andy-wolf.com\/fr\/wp-json\/wp\/v2\/comments?post=3109"}],"wp:featuredmedia":[{"embeddable":true,"href":"https:\/\/www.andy-wolf.com\/fr\/wp-json\/wp\/v2\/media\/118908"}],"wp:attachment":[{"href":"https:\/\/www.andy-wolf.com\/fr\/wp-json\/wp\/v2\/media?parent=3109"}],"wp:term":[{"taxonomy":"product_cat","embeddable":true,"href":"https:\/\/www.andy-wolf.com\/fr\/wp-json\/wp\/v2\/product_cat?post=3109"},{"taxonomy":"product_tag","embeddable":true,"href":"https:\/\/www.andy-wolf.com\/fr\/wp-json\/wp\/v2\/product_tag?post=3109"},{"taxonomy":"collection-sub-cat","embeddable":true,"href":"https:\/\/www.andy-wolf.com\/fr\/wp-json\/wp\/v2\/collection-sub-cat?post=3109"}],"curies":[{"name":"wp","href":"https:\/\/api.w.org\/{rel}","templated":true}]}}